{"id":5776,"date":"2021-01-10T16:17:07","date_gmt":"2021-01-10T16:17:07","guid":{"rendered":"https:\/\/coffeebazaar.develop.in.rs\/politika-privatnosti\/"},"modified":"2024-02-22T19:09:40","modified_gmt":"2024-02-22T19:09:40","slug":"privacy-policy","status":"publish","type":"page","link":"https:\/\/coffeebazaar.rs\/en\/privacy-policy\/","title":{"rendered":"Privacy policy"},"content":{"rendered":"<div style=\"display: none;\"><\/div>\n<div style=\"display: none;\"><\/div>\n<p>Politika privatnosti<\/p>\n<p>Kako bismo uspe\u0161no prihvatili i obradili Va\u0161u porud\u017ebinu, potrebne su nam odre\u0111ene informacije o Vama \u2013 ime i prezime, adresa, e-mail adresa i kontakt telefon. Neophodni su nam samo Va\u0161i osnovni podaci koji nam daju mogu\u0107nost da \u010ditav proces poru\u010divanja komuniciramo sa Vama na adekvatan na\u010din. Tako \u0107emo imati mogu\u0107nost da Vam dostavimo sve potrebne informacije i da Vas blagovremeno obavestimo o statusu Va\u0161e porud\u017ebine.<\/p>\n<p>Koza Coffee d.o.o se obavezuje da \u0107e po\u0161tovati sva na\u010dela za\u0161tite Va\u0161e privatnosti. Podaci koje nam dajete na uvid koriste se isklju\u010divo u svrhu uspe\u0161ne realizacije procesa poru\u010divanja i isporuke. Tako\u0111e nam poma\u017eu da prikupljamo i analiziramo podatke o proizvodima koje tra\u017eite i kupujete, kako bismo stalno unapre\u0111ivali na\u0161u online prodavnicu i omogu\u0107ili Vam \u0161to kvalitetniju uslugu. Informacije o Vama se strogo \u010duvaju i dostupne su samo osobama koje su uklju\u010dene u rad KozaCoffee d.o.o online prodavnice. Obavezujemo se da ih ne\u0107emo zloupotrebiti i da ih ne\u0107emo prosle\u0111ivati tre\u0107im licima.<\/p>\n<p>Ukoliko odlu\u010dite da ne\u0161to mimo ovih podataka objavite na na\u0161em sajtu, to \u010dinite na sopstvenu odgovornost.<\/p>\n<p>Kori\u0161\u0107enje usluga Koza Coffee d.o.o online prodavnice\u00a0 podrazumeva Va\u0161u saglasnost sa Uslovima kori\u0161\u0107enja. Eventualna promena uslova smatra\u0107e se va\u017ee\u0107om tek nakon objavljivanja izmene na sajtu ili nakon slanja obave\u0161tenja registrovanim korisnicima preko ostavljene e-mail adrese.<\/p>\n","protected":false},"excerpt":{"rendered":"<p>Politika privatnosti Kako bismo uspe\u0161no prihvatili i obradili Va\u0161u porud\u017ebinu, potrebne su nam odre\u0111ene informacije o Vama \u2013 ime i prezime, adresa, e-mail adresa i kontakt telefon. Neophodni su nam samo Va\u0161i osnovni podaci koji nam daju mogu\u0107nost da \u010ditav proces poru\u010divanja komuniciramo sa Vama na adekvatan na\u010din. Tako \u0107emo imati mogu\u0107nost da Vam dostavimo [&hellip;]<\/p>\n","protected":false},"author":1,"featured_media":0,"parent":0,"menu_order":0,"comment_status":"closed","ping_status":"closed","template":"","meta":{"_acf_changed":false,"footnotes":""},"class_list":["post-5776","page","type-page","status-publish","hentry"],"acf":[],"_links":{"self":[{"href":"https:\/\/coffeebazaar.rs\/en\/wp-json\/wp\/v2\/pages\/5776","targetHints":{"allow":["GET"]}}],"collection":[{"href":"https:\/\/coffeebazaar.rs\/en\/wp-json\/wp\/v2\/pages"}],"about":[{"href":"https:\/\/coffeebazaar.rs\/en\/wp-json\/wp\/v2\/types\/page"}],"author":[{"embeddable":true,"href":"https:\/\/coffeebazaar.rs\/en\/wp-json\/wp\/v2\/users\/1"}],"replies":[{"embeddable":true,"href":"https:\/\/coffeebazaar.rs\/en\/wp-json\/wp\/v2\/comments?post=5776"}],"version-history":[{"count":1,"href":"https:\/\/coffeebazaar.rs\/en\/wp-json\/wp\/v2\/pages\/5776\/revisions"}],"predecessor-version":[{"id":5777,"href":"https:\/\/coffeebazaar.rs\/en\/wp-json\/wp\/v2\/pages\/5776\/revisions\/5777"}],"wp:attachment":[{"href":"https:\/\/coffeebazaar.rs\/en\/wp-json\/wp\/v2\/media?parent=5776"}],"curies":[{"name":"wp","href":"https:\/\/api.w.org\/{rel}","templated":true}]}}