{"id":5788,"date":"2021-01-10T16:26:05","date_gmt":"2021-01-10T16:26:05","guid":{"rendered":"https:\/\/coffeebazaar.develop.in.rs\/placanje\/"},"modified":"2024-02-22T20:08:17","modified_gmt":"2024-02-22T20:08:17","slug":"payments","status":"publish","type":"page","link":"https:\/\/coffeebazaar.rs\/en\/payments\/","title":{"rendered":"Payments"},"content":{"rendered":"<div style=\"display: none;\"><\/div>\n<p>Pla\u0107anje proizvoda na na\u0161oj internet prodavnici javacoffee.rs mogu\u0107e je izvr\u0161iti na jedan od slede\u0107ih na\u010dina:<\/p>\n<ol>\n<li>pouze\u0107em (gotovinom)<\/li>\n<\/ol>\n<p>Pla\u0107anje pouze\u0107em podrazumeva pla\u0107anje iznosa sa porud\u017ebenice prilikom preuzimanja po\u0161iljke. Pla\u0107anje se vr\u0161i u gotovom novcu na ruke dostavnom radniku koji Vam donosi po\u0161iljku.<\/p>\n<ol start=\"2\">\n<li>platnim karticama &#8211; VISA, Maestro ili MasterCard &#8211; koje podr\u017eavaju pla\u0107anje preko Interneta.<\/li>\n<\/ol>\n<p>Pla\u0107anje karticama je realizovano u saradnji sa AllSecure doo i Unicredit bankom i obavlja se na bezbedan i sertifikovan na\u010din preko AllSecure Paymet Gateway-a, jednostavnim unosom podataka sa platne kartice.<\/p>\n<p>&nbsp;<\/p>\n<p>Nakon \u0161to se unesu podaci o kartici i potvrdi pla\u0107anje, banka autorizuje transakciju i time je porud\u017ebina odobrena i ulazi u dalji proces pripreme za isporuku. Iznos \u0107e biti rezervisan na Va\u0161oj kartici (ra\u010dunu) i ne\u0107e Vam biti raspolo\u017eiv za drugu namenu.<\/p>\n<p>Transakcija \u0107e biti kompletirana i iznos skinut sa va\u0161eg ra\u010duna tek kada su proizvodi pripremljeni za transport i predati kurirskoj slu\u017ebi. U slu\u010daju da se pla\u0107anje ne kompletira, odnosno iznos se ne skine sa ra\u010duna do isteka 14 dana od prihvatanja Va\u0161e porud\u017ebine, ta porud\u017ebenica \u0107e biti otkazana i izbrisana. Nakon isteka roka od 14 dana, novac rezervisan na Va\u0161em ra\u010dunu se osloba\u0111a i ponovo Vam je na raspolaganju. Nakon toga mo\u017eete ponoviti istu ili novu porud\u017ebinu i izvr\u0161iti pla\u0107anje vezano za njih.<\/p>\n<p>Proverite kod banke koja je karticu izdala da li Va\u0161a kartica podr\u017eava pla\u0107anje preko Interneta.<\/p>\n<p>&nbsp;<\/p>\n<p>Za\u0161tita podataka prilikom pla\u0107anja karticama<\/p>\n<p>&nbsp;<\/p>\n<p>Prilikom uno\u0161enja podataka o platnoj kartici, poverljive informacije se prenose putem javne mre\u017ee u za\u0161ti\u0107enoj (kriptovanoj) formi upotrebom SSL protokola, primenom najsavremenijih metoda tokenizacije osetljivih podataka i u skladu sa PCI-DSS standardima. Nijednog trenutka podaci o platnoj kartici nisu dostupni trgovcu.<\/p>\n<p>3D-Secure za\u0161tita za sve trgovce i kupce &#8211; AllSecure Payment Gateway koristi najvi\u0161e globalne standarde za\u0161tite i privatnosti podataka. Svi trgovci koji koriste AllSecure Payment Gateway su automatski uklju\u010deni u 3D-Secure za\u0161titu, \u010dime se kupcima garantuje bezbednost kupovine. Brojevi platnih kartica kupaca se ne \u010duvaju na sistemu trgovca, a sami upis se \u0161titi SSL enkripcijom podataka.<\/p>\n<p>PCI DSS Standardi &#8211; AllSecure Payment Gateway se konstantno usagla\u0161ava sa svim zahtevima karti\u010darskih organizacija u cilju pove\u0107anja nivoa bezbednosti trgovaca i kupaca. Od 2005. godine do danas, bez prekida, sistem je sertifikovan kao PCI-DSS Level 1, \u0161to predstavlja najvi\u0161i standard u industriji. PCI Data Security Standard (PCI-DSS) je norma koja defini\u0161e neophodne mere bezbednosti pri obradi, \u010duvanju i preno\u0161enju osetljivih karti\u010darskih podataka. PCI Standardima se \u0161tite osetljivi podaci o korisniku kartice tokom celog procesa pla\u0107anja &#8211; od momenta unosa podataka na prodajnom mestu trgovca, tokom komunikacija izme\u0111u trgovca i relevantnih banaka i karti\u010darskih organizacija, kao i kasnije \u010duvanje tih podataka.<\/p>\n<p>&nbsp;<\/p>\n<p>Povra\u0107aj sredstava<\/p>\n<p>U slu\u010daju povra\u0107aja sredstava kupcu koji je prethodno platio nekom od platnih kartica, delimi\u010dno ili u celosti, a bez obzira na razlog vra\u0107anja, taj povra\u0107aj se vr\u0161i isklju\u010divo preko iste VISA, Maestro ili MasterCard kartice koja je kori\u0161tena za pla\u0107anje. Ovo zna\u010di da \u0107e na\u0161a banka na na\u0161 zahtev obaviti povra\u0107aj sredstava na ra\u010dun korisnika kartice.<\/p>\n<p>&nbsp;<\/p>\n<div class=\"kb_entry_title\">Izjava o konverziji pla\u0107anja<\/div>\n<div class=\"kb_entry_title\"><\/div>\n<div class=\"kb_entry_content\">\n<div>\u201eIzjava o konverzijama &#8211; Sva pla\u0107anja \u0107e biti obavljenima u dinarima (RSD). Ukoliko se pla\u0107a platnim karticama inostranih Banaka izdavalaca, dinarski iznos transakcije \u0107e biti konvertovan u settlement valutu Banke (EUR) prema kursu Narodne Banke Srbije. Pri zadu\u017eivanju Vase platne kartice, ve\u0107 konvertovan iznos \u0107e se konvertovati u Vasu lokalnu valutu, prema kursu koji primenjuju operatori platnih kartica.&#8221;<\/div>\n<\/div>\n","protected":false},"excerpt":{"rendered":"<p>Pla\u0107anje proizvoda na na\u0161oj internet prodavnici javacoffee.rs mogu\u0107e je izvr\u0161iti na jedan od slede\u0107ih na\u010dina: pouze\u0107em (gotovinom) Pla\u0107anje pouze\u0107em podrazumeva pla\u0107anje iznosa sa porud\u017ebenice prilikom preuzimanja po\u0161iljke. Pla\u0107anje se vr\u0161i u gotovom novcu na ruke dostavnom radniku koji Vam donosi po\u0161iljku. platnim karticama &#8211; VISA, Maestro ili MasterCard &#8211; koje podr\u017eavaju pla\u0107anje preko Interneta. Pla\u0107anje [&hellip;]<\/p>\n","protected":false},"author":1,"featured_media":0,"parent":0,"menu_order":0,"comment_status":"closed","ping_status":"closed","template":"","meta":{"_acf_changed":false,"footnotes":""},"class_list":["post-5788","page","type-page","status-publish","hentry"],"acf":[],"_links":{"self":[{"href":"https:\/\/coffeebazaar.rs\/en\/wp-json\/wp\/v2\/pages\/5788","targetHints":{"allow":["GET"]}}],"collection":[{"href":"https:\/\/coffeebazaar.rs\/en\/wp-json\/wp\/v2\/pages"}],"about":[{"href":"https:\/\/coffeebazaar.rs\/en\/wp-json\/wp\/v2\/types\/page"}],"author":[{"embeddable":true,"href":"https:\/\/coffeebazaar.rs\/en\/wp-json\/wp\/v2\/users\/1"}],"replies":[{"embeddable":true,"href":"https:\/\/coffeebazaar.rs\/en\/wp-json\/wp\/v2\/comments?post=5788"}],"version-history":[{"count":2,"href":"https:\/\/coffeebazaar.rs\/en\/wp-json\/wp\/v2\/pages\/5788\/revisions"}],"predecessor-version":[{"id":5790,"href":"https:\/\/coffeebazaar.rs\/en\/wp-json\/wp\/v2\/pages\/5788\/revisions\/5790"}],"wp:attachment":[{"href":"https:\/\/coffeebazaar.rs\/en\/wp-json\/wp\/v2\/media?parent=5788"}],"curies":[{"name":"wp","href":"https:\/\/api.w.org\/{rel}","templated":true}]}}