{"id":5792,"date":"2021-01-10T16:24:22","date_gmt":"2021-01-10T16:24:22","guid":{"rendered":"https:\/\/coffeebazaar.develop.in.rs\/isporuka\/"},"modified":"2024-02-22T20:08:46","modified_gmt":"2024-02-22T20:08:46","slug":"delivery","status":"publish","type":"page","link":"https:\/\/coffeebazaar.rs\/en\/delivery\/","title":{"rendered":"Delivery"},"content":{"rendered":"<p><em>Koza Coffee doo se obavezuje da \u0107e kupljenu robu u roku od 2 radna dana predati kurirskoj slu\u017ebi koja je zadu\u017eena za dostavu. Predvi\u0111eno ukupno vreme za dostavu robe Kupcu na adresu koju je uneo u procesu kupovine je najvi\u0161e 6 radnih dana na bilo koju adresu na teritoriji Republike Srbije. <\/em><\/p>\n<p><em>Ukoliko Kupac unese pogre\u0161ne li\u010dne podatke ili podatke o adresi za isporuku robe prilikom procesa kupovine, Koza Coffee doo ne snosi odgovornost za nemogu\u0107nost isporuke robe. U tom slu\u010daju Koza Coffee doo \u0107e poku\u0161ati da kontaktira Kupca i isporu\u010di robu na novo utvr\u0111enu adresu uz naplatu dodatnih tro\u0161kova za dostavu, a u slu\u010daju da isporuka ponovo bude neuspe\u0161na Kupac se tereti za tro\u0161kove povratne po\u0161tarine koja se napla\u0107uje prema aktuelnom cenovniku Post Express usluga Po\u0161te Srbije<\/em><\/p>\n<p><em>Ukoliko postoje nejasno\u0107e u vezi unetih li\u010dnih podataka ili odabranih proizvoda, Koza Coffee doo \u0107e pre slanja robe kontatktirati Kupca putem telefona ili elektronske po\u0161te. U slu\u010daju da je kupac nedostupan ili ne odgovori na prispelu elektronsku po\u0161tu, rokovi isporuke mogu biti produ\u017eeni za koje Koza Coffee doo ne mo\u017ee preuzeti odgovornost.<\/em><\/p>\n<p><em>Rokovi za isporuku robe mogu biti produ\u017eeni ukoliko Kupac zatra\u017ei posebnu doradu na odabranom proizvodu. Kupac \u0107e o tome biti unapred obave\u0161ten.<\/em><\/p>\n<p><em>Ukoliko Kupac ne \u017eeli da preuzme kupljenu robu, isti se tereti za nastale manipulativne tro\u0161kove u visini od 400,00 dinara.<\/em><\/p>\n<p>Cena isporuke za porudzbine preko 6000,00 rsd je besplatna, za porudzbine ispod 6000,00 dostava se napla\u0107uje prema aktuelnom cenovniku Post Express usluga Po\u0161te Srbije.<\/p>\n<p><em>Nakon obavljene kupovine, a pre isporuke na ku\u0107nu adresu, specifikacija izabranih proizvoda se ne mo\u017ee menjati.<\/em><\/p>\n<p><em>Kupac je u mogu\u0107nosti nakon kupovine da se informi\u0161e o statusu iste putem elektronske po\u0161te na <a href=\"mailto:office@kozacoffee.rs\">office@kozacoffee.rs<\/a><\/em><em> ili putem telefona na broj +381692222430.<\/em><\/p>\n","protected":false},"excerpt":{"rendered":"<p>Koza Coffee doo se obavezuje da \u0107e kupljenu robu u roku od 2 radna dana predati kurirskoj slu\u017ebi koja je zadu\u017eena za dostavu. Predvi\u0111eno ukupno vreme za dostavu robe Kupcu na adresu koju je uneo u procesu kupovine je najvi\u0161e 6 radnih dana na bilo koju adresu na teritoriji Republike Srbije. Ukoliko Kupac unese pogre\u0161ne [&hellip;]<\/p>\n","protected":false},"author":1,"featured_media":0,"parent":0,"menu_order":0,"comment_status":"closed","ping_status":"closed","template":"","meta":{"_acf_changed":false,"footnotes":""},"class_list":["post-5792","page","type-page","status-publish","hentry"],"acf":[],"_links":{"self":[{"href":"https:\/\/coffeebazaar.rs\/en\/wp-json\/wp\/v2\/pages\/5792","targetHints":{"allow":["GET"]}}],"collection":[{"href":"https:\/\/coffeebazaar.rs\/en\/wp-json\/wp\/v2\/pages"}],"about":[{"href":"https:\/\/coffeebazaar.rs\/en\/wp-json\/wp\/v2\/types\/page"}],"author":[{"embeddable":true,"href":"https:\/\/coffeebazaar.rs\/en\/wp-json\/wp\/v2\/users\/1"}],"replies":[{"embeddable":true,"href":"https:\/\/coffeebazaar.rs\/en\/wp-json\/wp\/v2\/comments?post=5792"}],"version-history":[{"count":1,"href":"https:\/\/coffeebazaar.rs\/en\/wp-json\/wp\/v2\/pages\/5792\/revisions"}],"predecessor-version":[{"id":5793,"href":"https:\/\/coffeebazaar.rs\/en\/wp-json\/wp\/v2\/pages\/5792\/revisions\/5793"}],"wp:attachment":[{"href":"https:\/\/coffeebazaar.rs\/en\/wp-json\/wp\/v2\/media?parent=5792"}],"curies":[{"name":"wp","href":"https:\/\/api.w.org\/{rel}","templated":true}]}}