{"id":817,"date":"2020-05-25T17:01:32","date_gmt":"2020-05-25T17:01:32","guid":{"rendered":"https:\/\/develop.in.rs\/uslovi-koriscenja\/"},"modified":"2024-02-22T19:06:53","modified_gmt":"2024-02-22T19:06:53","slug":"terms-of-use","status":"publish","type":"page","link":"https:\/\/coffeebazaar.rs\/en\/terms-of-use\/","title":{"rendered":"Terms of use"},"content":{"rendered":"<p>Uslovi kori\u0161\u0107enja<\/p>\n<p>&nbsp;<\/p>\n<p><em>Sadr\u017eaj Internet stranice www.coffeebazaar.rs je vlasni\u0161tvo preduze\u0107a\u00a0 Koza Coffee doo, \u00a0Pan\u010deva\u010dki put 182, Beograd, Srbija. Upotrebom Internet stranice www.coffeebazaar.rs korisnici prihvataju objavljene op\u0161te uslove poslovanja. Koza Coffee doo i korisnici s op\u0161tim uslovima ugovaraju me\u0111usobne obaveze pri kupovini u Internet prodavnici www.coffeebazaar.rs<\/em><\/p>\n<p><em>Op\u0161ti uslovi prodaje su sastavljeni u skladu sa zakonom Srbije.<\/em><\/p>\n<p><em>Koza Coffee doo zadr\u017eava pravo izmene op\u0161tih uslova na Internet stranici www.coffeebazaar.rs bilo kada i bez prethodnog obave\u0161tenja. Sve promene op\u0161tih uslova su za korisnike obavezuju\u0107e.<\/em><\/p>\n<p>ZA\u0160TITA PRIVATNOSTI KORISNIKA<\/p>\n<p><em>\u201eU ime Koza Coffee doo obavezujemo se da \u0107emo \u010duvati privatnost svih na\u0161ih kupaca. Prikupljamo samo neophodne, osnovne podatke o kupcima\/ korisnicima i podatke neophodne za poslovanje i informisanje korisnika u skladu sa dobrim poslovnim obi\u010dajima i u cilju pru\u017eanja kvalitetne usluge. Dajemo kupcima mogu\u0107nost izbora uklju\u010duju\u0107i mogu\u0107nost odluke da li \u017eele ili ne da se izbri\u0161u sa mailing lista koje se koriste za marketin\u0161ke kampanje. Svi podaci o korisnicima\/kupcima se strogo \u010duvaju i dostupni su samo zaposlenima kojima su ti podaci nu\u017eni za obavljanje posla. Svi zaposleni Koza Coffee doo odgovorni su za po\u0161tovanje na\u010dela za\u0161tite privatnosti.\u201c<\/em><\/p>\n<p>DOSTAVA ROBE I EVENTUALNA OGRANIC\u030cENJA<\/p>\n<p><em>Koza Coffee doo se obavezuje da \u0107e kupljenu robu u roku od 3 radna dana predati kurirskoj slu\u017ebi koja je zadu\u017eena za dostavu. Predvi\u0111eno ukupno vreme za dostavu robe Kupcu na adresu koju je uneo u procesu kupovine je najvi\u0161e 6 radnih dana na bilo koju adresu na teritoriji Republike Srbije. <\/em><\/p>\n<p><em>Ukoliko Kupac unese pogre\u0161ne li\u010dne podatke ili podatke o adresi za isporuku robe prilikom procesa kupovine, Koza Coffee doo ne snosi odgovornost za nemogu\u0107nost isporuke robe. U tom slu\u010daju Koza Coffee doo \u0107e poku\u0161ati da kontaktira Kupca i isporu\u010di robu na novo utvr\u0111enu adresu uz naplatu dodatnih tro\u0161kova za dostavu, a u slu\u010daju da isporuka ponovo bude neuspe\u0161na Kupac se tereti za tro\u0161kove povratne po\u0161tarine koja se napla\u0107uje prema aktuelnom cenovniku Post Express usluga Po\u0161te Srbije<\/em><\/p>\n<p><em>Ukoliko postoje nejasno\u0107e u vezi unetih li\u010dnih podataka ili odabranih proizvoda, Koza Coffee doo \u0107e pre slanja robe kontatktirati Kupca putem telefona ili elektronske po\u0161te. U slu\u010daju da je kupac nedostupan ili ne odgovori na prispelu elektronsku po\u0161tu, rokovi isporuke mogu biti produ\u017eeni za koje Koza Coffee doo ne mo\u017ee preuzeti odgovornost.<\/em><\/p>\n<p><em>Rokovi za isporuku robe mogu biti produ\u017eeni ukoliko Kupac zatra\u017ei posebnu doradu na odabranom proizvodu. Kupac \u0107e o tome biti unapred obave\u0161ten.<\/em><\/p>\n<p><em>Ukoliko Kupac ne \u017eeli da preuzme kupljenu robu, isti se tereti za nastale manipulativne tro\u0161kove u visini od 400,00 dinara.<\/em><\/p>\n<p>Cena isporuke za porudzbine preko 6000,00 rsd je besplatna, za porudzbine ispod 6000,00 dostava se napla\u0107uje prema aktuelnom cenovniku Post Express usluga Po\u0161te Srbije.<\/p>\n<p><em>Nakon obavljene kupovine, a pre isporuke na ku\u0107nu adresu, specifikacija izabranih proizvoda se ne mo\u017ee menjati.<\/em><\/p>\n<p><em>Kupac je u mogu\u0107nosti nakon kupovine da se informi\u0161e o statusu iste putem elektronske po\u0161te na <a href=\"mailto:office@coffeebazaar.rs\">office@coffeebazaar.rs<\/a><\/em><em> ili putem telefona na broj +381692222430.<\/em><\/p>\n<p>&nbsp;<\/p>\n<p class=\"p4\"><span class=\"s1\">ZA\u0160TITA PRIVATNOSTI<\/span><\/p>\n<p class=\"p2\"><span class=\"s1\"><em>Podaci koje korisnik upisuje putem obrazca na stranici www.coffeebazaar.rs ili na neki drugi na\u010din (preko e-maila, telefona i dr.), su poverljivi i \u0161titimo ih u skladu sa zakonskim odredbama. Li\u010dni podaci \u0107e biti upotrebljeni samo za namene za koje je korisnik dao svoju saglasnost. Za za\u0161titu li\u010dnih podataka je odgovoran i sam korisnik, na na\u010din da osigura svoje korisni\u010dko ime i lozinku.<br \/>\n<\/em><a href=\"http:\/\/www.coffeebazaar.rs\"><span class=\"s2\"><em>www.coffeebazaar.<\/em><\/span><\/a><em>rs za prenos svih li\u010dnih podataka korisnika koristi tehnologiju SSL (Secure Socket Layer), kojom se kodiraju sve informacije poslate sa porud\u017ebenicom.<\/em><\/span><\/p>\n<p class=\"p3\"><span class=\"s1\"><em>Li\u010dne podatke korisnika www.coffeebazaar.rs \u0107e \u010duvati i spre\u010davati svaku njihovu zloupotrebu. Korisnik bilo kada mo\u017ee zamoliti za upoznavanje sa li\u010dnim podacima koje operater obra\u0111uje, njihovo ograni\u010davanje, brisanje, ispravljanje ili prenos podataka.<\/em><\/span><\/p>\n<p>&nbsp;<\/p>\n<p>OSNOVNI PODACI O FIRMI:<\/p>\n<p>Naziv: Koza Coffee doo<br \/>\nAdresa: Pan\u010deva\u010dki put 182a, 11 000 Beograd<br \/>\nPib : 110904134<br \/>\nMati\u010dni broj: 21400025<br \/>\nEmail: office@coffeebazaar.rs<\/p>\n<ul>\n<li><\/li>\n<\/ul>\n","protected":false},"excerpt":{"rendered":"<p>Uslovi kori\u0161\u0107enja &nbsp; Sadr\u017eaj Internet stranice www.coffeebazaar.rs je vlasni\u0161tvo preduze\u0107a\u00a0 Koza Coffee doo, \u00a0Pan\u010deva\u010dki put 182, Beograd, Srbija. Upotrebom Internet stranice www.coffeebazaar.rs korisnici prihvataju objavljene op\u0161te uslove poslovanja. Koza Coffee doo i korisnici s op\u0161tim uslovima ugovaraju me\u0111usobne obaveze pri kupovini u Internet prodavnici www.coffeebazaar.rs Op\u0161ti uslovi prodaje su sastavljeni u skladu sa zakonom Srbije. [&hellip;]<\/p>\n","protected":false},"author":1,"featured_media":0,"parent":0,"menu_order":0,"comment_status":"closed","ping_status":"closed","template":"","meta":{"_acf_changed":false,"footnotes":""},"class_list":["post-817","page","type-page","status-publish","hentry"],"acf":[],"_links":{"self":[{"href":"https:\/\/coffeebazaar.rs\/en\/wp-json\/wp\/v2\/pages\/817","targetHints":{"allow":["GET"]}}],"collection":[{"href":"https:\/\/coffeebazaar.rs\/en\/wp-json\/wp\/v2\/pages"}],"about":[{"href":"https:\/\/coffeebazaar.rs\/en\/wp-json\/wp\/v2\/types\/page"}],"author":[{"embeddable":true,"href":"https:\/\/coffeebazaar.rs\/en\/wp-json\/wp\/v2\/users\/1"}],"replies":[{"embeddable":true,"href":"https:\/\/coffeebazaar.rs\/en\/wp-json\/wp\/v2\/comments?post=817"}],"version-history":[{"count":3,"href":"https:\/\/coffeebazaar.rs\/en\/wp-json\/wp\/v2\/pages\/817\/revisions"}],"predecessor-version":[{"id":5774,"href":"https:\/\/coffeebazaar.rs\/en\/wp-json\/wp\/v2\/pages\/817\/revisions\/5774"}],"wp:attachment":[{"href":"https:\/\/coffeebazaar.rs\/en\/wp-json\/wp\/v2\/media?parent=817"}],"curies":[{"name":"wp","href":"https:\/\/api.w.org\/{rel}","templated":true}]}}