{"id":2212,"date":"2021-04-26T21:42:54","date_gmt":"2021-04-26T21:42:54","guid":{"rendered":"https:\/\/javacoffee.rs\/proizvod\/bialetti-moka-timer\/"},"modified":"2025-07-10T07:52:28","modified_gmt":"2025-07-10T07:52:28","slug":"bialetti-moka-timer","status":"publish","type":"product","link":"https:\/\/coffeebazaar.rs\/en\/accessories\/bialetti-moka-timer\/","title":{"rendered":"Moka Timer 3 cup"},"content":{"rendered":"","protected":false},"excerpt":{"rendered":"<p>Bialetti Moka Timer omogu\u0107ava laku pripremu savr\u0161ene \u0161oljice kafe.<\/p>\n<p>Proizvo\u0111a\u010d: Bialetti<\/p>\n<p>Zemlja porekla: Proizvedeno u Kini prema Bialetti standardim kvaliteta<\/p>\n<p>Materijal: Aluminijum, guma, plastika<\/p>\n<p>Snaga: 365 W\/ 230 V<\/p>\n<p>Zapremina 145 ml<\/p>\n","protected":false},"featured_media":2244,"comment_status":"closed","ping_status":"closed","template":"","meta":{"_acf_changed":false},"product_brand":[],"product_cat":[71],"product_tag":[],"class_list":{"0":"post-2212","1":"product","2":"type-product","3":"status-publish","4":"has-post-thumbnail","6":"product_cat-accessories","8":"first","9":"outofstock","10":"shipping-taxable","11":"purchasable","12":"product-type-variable","13":"add-to-wishlist-after_add_to_cart"},"acf":[],"_links":{"self":[{"href":"https:\/\/coffeebazaar.rs\/en\/wp-json\/wp\/v2\/product\/2212","targetHints":{"allow":["GET"]}}],"collection":[{"href":"https:\/\/coffeebazaar.rs\/en\/wp-json\/wp\/v2\/product"}],"about":[{"href":"https:\/\/coffeebazaar.rs\/en\/wp-json\/wp\/v2\/types\/product"}],"replies":[{"embeddable":true,"href":"https:\/\/coffeebazaar.rs\/en\/wp-json\/wp\/v2\/comments?post=2212"}],"wp:featuredmedia":[{"embeddable":true,"href":"https:\/\/coffeebazaar.rs\/en\/wp-json\/wp\/v2\/media\/2244"}],"wp:attachment":[{"href":"https:\/\/coffeebazaar.rs\/en\/wp-json\/wp\/v2\/media?parent=2212"}],"wp:term":[{"taxonomy":"product_brand","embeddable":true,"href":"https:\/\/coffeebazaar.rs\/en\/wp-json\/wp\/v2\/product_brand?post=2212"},{"taxonomy":"product_cat","embeddable":true,"href":"https:\/\/coffeebazaar.rs\/en\/wp-json\/wp\/v2\/product_cat?post=2212"},{"taxonomy":"product_tag","embeddable":true,"href":"https:\/\/coffeebazaar.rs\/en\/wp-json\/wp\/v2\/product_tag?post=2212"}],"curies":[{"name":"wp","href":"https:\/\/api.w.org\/{rel}","templated":true}]}}