{"id":8429,"date":"2025-06-13T14:37:47","date_gmt":"2025-06-13T14:37:47","guid":{"rendered":"https:\/\/coffeebazaar.rs\/uncategorized\/fellow-aiden-automatski-aparat\/"},"modified":"2025-06-13T14:42:02","modified_gmt":"2025-06-13T14:42:02","slug":"fellow-aiden-automatski-aparat","status":"publish","type":"product","link":"https:\/\/coffeebazaar.rs\/en\/accessories\/fellow-aiden-automatski-aparat\/","title":{"rendered":"Fellow Aiden Machine"},"content":{"rendered":"","protected":false},"excerpt":{"rendered":"<p><strong>Fellow Aiden<\/strong> je <strong>automatski aparat<\/strong> za kafu koja pru\u017ea <strong>pour-over<\/strong> kvalitet uz jednostavno pritiskanje dugmeta. Kombinuje preciznost, kontrolu i brzinu, omogu\u0107avaju\u0107i vam da u\u017eivate u savr\u0161enoj kafi kod ku\u0107e<br \/>\n<strong>Glavne karakteristike:<\/strong><br \/>\n<strong>&#8211; Jednostavna upotreba: <\/strong><br \/>\nAiden prikazuje uputstva zasnovana na programima koje su razvili <strong>Fellow Q-Graders<\/strong> stru\u010dnjaci. Mo\u017eete izabrati izme\u0111u <strong>svetlog<\/strong>, <strong>srednjeg<\/strong> ili <strong>tamnog pr\u017eenja<\/strong>, kao i opcije za cold brew i druge stilove.<br \/>\n&#8211; <strong>Automatska pode\u0161avanja: <\/strong><br \/>\nUre\u0111aj automatski pode\u0161ava klju\u010dne parametre za savr\u0161enu pripremu: temperaturu do preciznog stepena, ta\u010dan odnos kafe i vode i ciklus predinfuzije.<br \/>\nBrza priprema: Opcija za brzo kuvanje omogu\u0107ava pripremu kafe jednim pritiskom.<br \/>\n&#8211; <strong>Napredna pode\u0161avanja putem aplikacije<\/strong>:<br \/>\nPrilagodite proces pripreme direktno sa ure\u0111aja ili putem <strong>mobilne aplikacije<\/strong>.<br \/>\n<strong>Aiden omogu\u0107ava pode\u0161avanje :<\/strong><br \/>\n*Temperature i odnosa kafe i vode<br \/>\n*Temperature, odnosa i trajanja predinfuzije,kao i pulsa sipanja<br \/>\n*Broj, temperaturu i razmake izme\u0111u impulsa<br \/>\n&#8211; <strong>Fleksibilnost u koli\u010dini<\/strong>:<br \/>\nAiden omogu\u0107ava pripremu i<strong> male i velike koli\u010dine kafe<\/strong>, a ukus ostaje postojan.<br \/>\n<strong>Aparat dolazi sa dve filter korpice:<\/strong> jedna za <strong>single<\/strong> cup pripremu <strong>(kompatibilna<\/strong> sa konusnim <strong>Melitta #2 filterima<\/strong>) i druga za <strong>ve\u0107e <\/strong>zapremine (za ravne filtere <strong>Melitta 8\u201312 cup<\/strong>).<br \/>\nKafa se mo\u017ee pripremati direktno u termo bokal ili omiljenu \u0161olju.<br \/>\n&#8211;<strong> Elegantni dizajn<\/strong>: Izra\u0111en od plastike bez BPA, ner\u0111aju\u0107eg \u010delika i silikona.<br \/>\nDimenzije: <strong>22,7 \u00d7 22,7 \u00d7 30,5 cm<\/strong><\/p>\n<p>Zemlja porekla: Kina<br \/>\nProizvo\u0111a\u010d: Fellow<br \/>\nBar-Kod: 1230000201605<\/p>\n","protected":false},"featured_media":8417,"comment_status":"closed","ping_status":"closed","template":"","meta":{"_acf_changed":false},"product_brand":[],"product_cat":[71],"product_tag":[],"class_list":{"0":"post-8429","1":"product","2":"type-product","3":"status-publish","4":"has-post-thumbnail","6":"product_cat-accessories","8":"first","9":"outofstock","10":"shipping-taxable","11":"purchasable","12":"product-type-simple","13":"add-to-wishlist-after_add_to_cart"},"acf":[],"_links":{"self":[{"href":"https:\/\/coffeebazaar.rs\/en\/wp-json\/wp\/v2\/product\/8429","targetHints":{"allow":["GET"]}}],"collection":[{"href":"https:\/\/coffeebazaar.rs\/en\/wp-json\/wp\/v2\/product"}],"about":[{"href":"https:\/\/coffeebazaar.rs\/en\/wp-json\/wp\/v2\/types\/product"}],"replies":[{"embeddable":true,"href":"https:\/\/coffeebazaar.rs\/en\/wp-json\/wp\/v2\/comments?post=8429"}],"wp:featuredmedia":[{"embeddable":true,"href":"https:\/\/coffeebazaar.rs\/en\/wp-json\/wp\/v2\/media\/8417"}],"wp:attachment":[{"href":"https:\/\/coffeebazaar.rs\/en\/wp-json\/wp\/v2\/media?parent=8429"}],"wp:term":[{"taxonomy":"product_brand","embeddable":true,"href":"https:\/\/coffeebazaar.rs\/en\/wp-json\/wp\/v2\/product_brand?post=8429"},{"taxonomy":"product_cat","embeddable":true,"href":"https:\/\/coffeebazaar.rs\/en\/wp-json\/wp\/v2\/product_cat?post=8429"},{"taxonomy":"product_tag","embeddable":true,"href":"https:\/\/coffeebazaar.rs\/en\/wp-json\/wp\/v2\/product_tag?post=8429"}],"curies":[{"name":"wp","href":"https:\/\/api.w.org\/{rel}","templated":true}]}}