{"id":937,"date":"2020-05-29T08:19:36","date_gmt":"2020-05-29T08:19:36","guid":{"rendered":"https:\/\/develop.in.rs\/proizvod\/uncategorized\/white-vanila\/"},"modified":"2024-03-26T12:36:01","modified_gmt":"2024-03-26T12:36:01","slug":"white-vanila","status":"publish","type":"product","link":"https:\/\/coffeebazaar.rs\/en\/hot-chocolate\/white-vanila\/","title":{"rendered":"White Vanilla"},"content":{"rendered":"","protected":false},"excerpt":{"rendered":"<p>Delikatan ukus bele \u010dokolade oboga\u0107en o\u010daravaju\u0107om vanilom. Sve \u010dokoladice su u pakovanju po 20 komada.<\/p>\n<p>Barcode: 8606108958148<\/p>\n","protected":false},"featured_media":1041,"comment_status":"closed","ping_status":"closed","template":"","meta":{"_acf_changed":false},"product_brand":[],"product_cat":[72],"product_tag":[],"class_list":{"0":"post-937","1":"product","2":"type-product","3":"status-publish","4":"has-post-thumbnail","6":"product_cat-hot-chocolate","8":"first","9":"outofstock","10":"shipping-taxable","11":"purchasable","12":"product-type-simple","13":"add-to-wishlist-after_add_to_cart"},"acf":[],"_links":{"self":[{"href":"https:\/\/coffeebazaar.rs\/en\/wp-json\/wp\/v2\/product\/937","targetHints":{"allow":["GET"]}}],"collection":[{"href":"https:\/\/coffeebazaar.rs\/en\/wp-json\/wp\/v2\/product"}],"about":[{"href":"https:\/\/coffeebazaar.rs\/en\/wp-json\/wp\/v2\/types\/product"}],"replies":[{"embeddable":true,"href":"https:\/\/coffeebazaar.rs\/en\/wp-json\/wp\/v2\/comments?post=937"}],"wp:featuredmedia":[{"embeddable":true,"href":"https:\/\/coffeebazaar.rs\/en\/wp-json\/wp\/v2\/media\/1041"}],"wp:attachment":[{"href":"https:\/\/coffeebazaar.rs\/en\/wp-json\/wp\/v2\/media?parent=937"}],"wp:term":[{"taxonomy":"product_brand","embeddable":true,"href":"https:\/\/coffeebazaar.rs\/en\/wp-json\/wp\/v2\/product_brand?post=937"},{"taxonomy":"product_cat","embeddable":true,"href":"https:\/\/coffeebazaar.rs\/en\/wp-json\/wp\/v2\/product_cat?post=937"},{"taxonomy":"product_tag","embeddable":true,"href":"https:\/\/coffeebazaar.rs\/en\/wp-json\/wp\/v2\/product_tag?post=937"}],"curies":[{"name":"wp","href":"https:\/\/api.w.org\/{rel}","templated":true}]}}